{"id":2904,"date":"2024-07-29T01:22:24","date_gmt":"2024-07-28T23:22:24","guid":{"rendered":"https:\/\/privatetantra.ch\/?page_id=2904"},"modified":"2025-03-30T21:12:31","modified_gmt":"2025-03-30T19:12:31","slug":"uber-mich","status":"publish","type":"page","link":"https:\/\/privatetantra.ch\/de\/uber-mich\/","title":{"rendered":"\u00dcber mich"},"content":{"rendered":"\t\t<div data-elementor-type=\"wp-page\" data-elementor-id=\"2904\" class=\"elementor elementor-2904\">\n\t\t\t\t<div class=\"elementor-element elementor-element-695d355 e-flex e-con-boxed e-con e-child\" data-id=\"695d355\" data-element_type=\"container\" data-e-type=\"container\" data-settings=\"{&quot;background_background&quot;:&quot;classic&quot;}\">\n\t\t\t\t\t<div class=\"e-con-inner\">\n\t\t<div class=\"elementor-element elementor-element-74f1571 e-con-full e-flex e-con e-child\" data-id=\"74f1571\" data-element_type=\"container\" data-e-type=\"container\">\n\t\t\t\t<div class=\"elementor-element elementor-element-73f3e0d elementor-widget elementor-widget-heading\" data-id=\"73f3e0d\" data-element_type=\"widget\" data-e-type=\"widget\" data-settings=\"{&quot;_animation&quot;:&quot;none&quot;}\" data-widget_type=\"heading.default\">\n\t\t\t\t<div class=\"elementor-widget-container\">\n\t\t\t\t\t<h2 class=\"elementor-heading-title elementor-size-default\">Willkommen bei der essenz meines seins<br>\n\n\n\n\n\n\n\n<\/h2>\t\t\t\t<\/div>\n\t\t\t\t<\/div>\n\t\t\t\t<\/div>\n\t\t\t\t<div class=\"elementor-element elementor-element-cdec090 elementor-widget-mobile__width-initial elementor-widget elementor-widget-text-editor\" data-id=\"cdec090\" data-element_type=\"widget\" data-e-type=\"widget\" data-widget_type=\"text-editor.default\">\n\t\t\t\t<div class=\"elementor-widget-container\">\n\t\t\t\t\t\t\t\t\t<p style=\"text-align: center;\"><span style=\"color: #000000;\">Als ich das Tantra entdeckte, erlebte ich eine tiefgreifende Ver\u00e4nderung in vielen Aspekten meines Lebens. Jetzt m\u00f6chte ich diese Erfahrung mit dir teilen, damit auch du von ihren Vorteilen profitieren kannst.<\/span><\/p><p style=\"text-align: center;\"><span style=\"color: #000000;\">Ich habe verstanden, dass Energie die Magie unseres K\u00f6rpers ist; mit ihr k\u00f6nnen wir alles verbinden. <\/span><\/p><p style=\"text-align: center;\"><span style=\"color: #000000;\">So entdeckte ich die Kraft der Verbindung zwischen Geist und K\u00f6rper und stimulierte alle Sinne. Du musst dich nur entspannen, dir selbst und dem Prozess vertrauen.<\/span><\/p><p style=\"text-align: center;\"><span style=\"color: #000000;\">Dank des Tantras bin ich zu einer sinnlichen Frau geworden, voller Leidenschaft, Erotik und Charisma. <\/span><\/p><p style=\"text-align: center;\"><span style=\"color: #000000;\">Am wichtigsten ist, dass ich ein erf\u00fclltes Leben ohne Komplexe oder Vorurteile gefunden habe.<\/span><\/p><p style=\"text-align: center;\"><span style=\"color: #000000;\"> Die Essenz ist der Schl\u00fcssel: Fokussiere dich auf dein Inneres und du wirst alle Vorteile auf mentaler und k\u00f6rperlicher Ebene entdecken.<\/span><\/p><p style=\"text-align: center;\"><span style=\"color: #000000;\">\u00a0<\/span><\/p>\t\t\t\t\t\t\t\t<\/div>\n\t\t\t\t<\/div>\n\t\t\t\t<div class=\"elementor-element elementor-element-e39ffef elementor-arrows-position-outside elementor-widget elementor-widget-image-carousel\" data-id=\"e39ffef\" data-element_type=\"widget\" data-e-type=\"widget\" data-settings=\"{&quot;navigation&quot;:&quot;arrows&quot;,&quot;autoplay&quot;:&quot;yes&quot;,&quot;pause_on_hover&quot;:&quot;yes&quot;,&quot;pause_on_interaction&quot;:&quot;yes&quot;,&quot;autoplay_speed&quot;:5000,&quot;infinite&quot;:&quot;yes&quot;,&quot;speed&quot;:500}\" data-widget_type=\"image-carousel.default\">\n\t\t\t\t<div class=\"elementor-widget-container\">\n\t\t\t\t\t\t\t<div class=\"elementor-image-carousel-wrapper swiper\" role=\"region\" aria-roledescription=\"carousel\" aria-label=\"Carrusel de im\u00e1genes\" dir=\"ltr\">\n\t\t\t<div class=\"elementor-image-carousel swiper-wrapper\" aria-live=\"off\">\n\t\t\t\t\t\t\t\t<div class=\"swiper-slide\" role=\"group\" aria-roledescription=\"slide\" aria-label=\"1 von 6\"><a data-elementor-open-lightbox=\"yes\" data-elementor-lightbox-slideshow=\"e39ffef\" data-elementor-lightbox-title=\"IMG-20241001-WA0085\" data-e-action-hash=\"#elementor-action%3Aaction%3Dlightbox%26settings%3DeyJpZCI6NDQyMiwidXJsIjoiaHR0cHM6XC9cL3ByaXZhdGV0YW50cmEuY2hcL3dwLWNvbnRlbnRcL3VwbG9hZHNcLzIwMjVcLzAzXC9JTUctMjAyNDEwMDEtV0EwMDg1LmpwZWciLCJzbGlkZXNob3ciOiJlMzlmZmVmIn0%3D\" href=\"https:\/\/privatetantra.ch\/wp-content\/uploads\/2025\/03\/IMG-20241001-WA0085.jpeg\"><figure class=\"swiper-slide-inner\"><img decoding=\"async\" class=\"swiper-slide-image\" src=\"https:\/\/privatetantra.ch\/wp-content\/uploads\/2025\/03\/IMG-20241001-WA0085-150x150.jpeg\" alt=\"IMG-20241001-WA0085\" \/><\/figure><\/a><\/div><div class=\"swiper-slide\" role=\"group\" aria-roledescription=\"slide\" aria-label=\"2 von 6\"><a data-elementor-open-lightbox=\"yes\" data-elementor-lightbox-slideshow=\"e39ffef\" data-elementor-lightbox-title=\"IMG-20241222-WA0022\" data-e-action-hash=\"#elementor-action%3Aaction%3Dlightbox%26settings%3DeyJpZCI6NDQyMSwidXJsIjoiaHR0cHM6XC9cL3ByaXZhdGV0YW50cmEuY2hcL3dwLWNvbnRlbnRcL3VwbG9hZHNcLzIwMjVcLzAzXC9JTUctMjAyNDEyMjItV0EwMDIyLmpwZWciLCJzbGlkZXNob3ciOiJlMzlmZmVmIn0%3D\" href=\"https:\/\/privatetantra.ch\/wp-content\/uploads\/2025\/03\/IMG-20241222-WA0022.jpeg\"><figure class=\"swiper-slide-inner\"><img decoding=\"async\" class=\"swiper-slide-image\" src=\"https:\/\/privatetantra.ch\/wp-content\/uploads\/2025\/03\/IMG-20241222-WA0022-150x150.jpeg\" alt=\"IMG-20241222-WA0022\" \/><\/figure><\/a><\/div><div class=\"swiper-slide\" role=\"group\" aria-roledescription=\"slide\" aria-label=\"3 von 6\"><a data-elementor-open-lightbox=\"yes\" data-elementor-lightbox-slideshow=\"e39ffef\" data-elementor-lightbox-title=\"IMG-20241222-WA0021\" data-e-action-hash=\"#elementor-action%3Aaction%3Dlightbox%26settings%3DeyJpZCI6NDQyMCwidXJsIjoiaHR0cHM6XC9cL3ByaXZhdGV0YW50cmEuY2hcL3dwLWNvbnRlbnRcL3VwbG9hZHNcLzIwMjVcLzAzXC9JTUctMjAyNDEyMjItV0EwMDIxLmpwZWciLCJzbGlkZXNob3ciOiJlMzlmZmVmIn0%3D\" href=\"https:\/\/privatetantra.ch\/wp-content\/uploads\/2025\/03\/IMG-20241222-WA0021.jpeg\"><figure class=\"swiper-slide-inner\"><img decoding=\"async\" class=\"swiper-slide-image\" src=\"https:\/\/privatetantra.ch\/wp-content\/uploads\/2025\/03\/IMG-20241222-WA0021-150x150.jpeg\" alt=\"IMG-20241222-WA0021\" \/><\/figure><\/a><\/div><div class=\"swiper-slide\" role=\"group\" aria-roledescription=\"slide\" aria-label=\"4 von 6\"><a data-elementor-open-lightbox=\"yes\" data-elementor-lightbox-slideshow=\"e39ffef\" data-elementor-lightbox-title=\"IMG-20241001-WA0085\" data-e-action-hash=\"#elementor-action%3Aaction%3Dlightbox%26settings%3DeyJpZCI6NDQxOSwidXJsIjoiaHR0cHM6XC9cL3ByaXZhdGV0YW50cmEuY2hcL3dwLWNvbnRlbnRcL3VwbG9hZHNcLzIwMjVcLzAzXC9JTUctMjAyNDEwMDEtV0EwMDg1LmpwZyIsInNsaWRlc2hvdyI6ImUzOWZmZWYifQ%3D%3D\" href=\"https:\/\/privatetantra.ch\/wp-content\/uploads\/2025\/03\/IMG-20241001-WA0085.jpg\"><figure class=\"swiper-slide-inner\"><img decoding=\"async\" class=\"swiper-slide-image\" src=\"https:\/\/privatetantra.ch\/wp-content\/uploads\/2025\/03\/IMG-20241001-WA0085-150x150.jpg\" alt=\"IMG-20241001-WA0085\" \/><\/figure><\/a><\/div><div class=\"swiper-slide\" role=\"group\" aria-roledescription=\"slide\" aria-label=\"5 von 6\"><a data-elementor-open-lightbox=\"yes\" data-elementor-lightbox-slideshow=\"e39ffef\" data-elementor-lightbox-title=\"IMG-20240727-WA0002\" data-e-action-hash=\"#elementor-action%3Aaction%3Dlightbox%26settings%3DeyJpZCI6NDQxOCwidXJsIjoiaHR0cHM6XC9cL3ByaXZhdGV0YW50cmEuY2hcL3dwLWNvbnRlbnRcL3VwbG9hZHNcLzIwMjVcLzAzXC9JTUctMjAyNDA3MjctV0EwMDAyLmpwZyIsInNsaWRlc2hvdyI6ImUzOWZmZWYifQ%3D%3D\" href=\"https:\/\/privatetantra.ch\/wp-content\/uploads\/2025\/03\/IMG-20240727-WA0002.jpg\"><figure class=\"swiper-slide-inner\"><img decoding=\"async\" class=\"swiper-slide-image\" src=\"https:\/\/privatetantra.ch\/wp-content\/uploads\/2025\/03\/IMG-20240727-WA0002-150x150.jpg\" alt=\"IMG-20240727-WA0002\" \/><\/figure><\/a><\/div><div class=\"swiper-slide\" role=\"group\" aria-roledescription=\"slide\" aria-label=\"6 von 6\"><a data-elementor-open-lightbox=\"yes\" data-elementor-lightbox-slideshow=\"e39ffef\" data-elementor-lightbox-title=\"IMG-20241222-WA0020\" data-e-action-hash=\"#elementor-action%3Aaction%3Dlightbox%26settings%3DeyJpZCI6NDQxNywidXJsIjoiaHR0cHM6XC9cL3ByaXZhdGV0YW50cmEuY2hcL3dwLWNvbnRlbnRcL3VwbG9hZHNcLzIwMjVcLzAzXC9JTUctMjAyNDEyMjItV0EwMDIwLmpwZyIsInNsaWRlc2hvdyI6ImUzOWZmZWYifQ%3D%3D\" href=\"https:\/\/privatetantra.ch\/wp-content\/uploads\/2025\/03\/IMG-20241222-WA0020.jpg\"><figure class=\"swiper-slide-inner\"><img decoding=\"async\" class=\"swiper-slide-image\" src=\"https:\/\/privatetantra.ch\/wp-content\/uploads\/2025\/03\/IMG-20241222-WA0020-150x150.jpg\" alt=\"IMG-20241222-WA0020\" \/><\/figure><\/a><\/div>\t\t\t<\/div>\n\t\t\t\t\t\t\t\t\t\t\t\t<div class=\"elementor-swiper-button elementor-swiper-button-prev\" role=\"button\" tabindex=\"0\">\n\t\t\t\t\t\t<svg aria-hidden=\"true\" class=\"e-font-icon-svg e-eicon-chevron-left\" viewBox=\"0 0 1000 1000\" xmlns=\"http:\/\/www.w3.org\/2000\/svg\"><path d=\"M646 125C629 125 613 133 604 142L308 442C296 454 292 471 292 487 292 504 296 521 308 533L604 854C617 867 629 875 646 875 663 875 679 871 692 858 704 846 713 829 713 812 713 796 708 779 692 767L438 487 692 225C700 217 708 204 708 187 708 171 704 154 692 142 675 129 663 125 646 125Z\"><\/path><\/svg>\t\t\t\t\t<\/div>\n\t\t\t\t\t<div class=\"elementor-swiper-button elementor-swiper-button-next\" role=\"button\" tabindex=\"0\">\n\t\t\t\t\t\t<svg aria-hidden=\"true\" class=\"e-font-icon-svg e-eicon-chevron-right\" viewBox=\"0 0 1000 1000\" xmlns=\"http:\/\/www.w3.org\/2000\/svg\"><path d=\"M696 533C708 521 713 504 713 487 713 471 708 454 696 446L400 146C388 133 375 125 354 125 338 125 325 129 313 142 300 154 292 171 292 187 292 204 296 221 308 233L563 492 304 771C292 783 288 800 288 817 288 833 296 850 308 863 321 871 338 875 354 875 371 875 388 867 400 854L696 533Z\"><\/path><\/svg>\t\t\t\t\t<\/div>\n\t\t\t\t\n\t\t\t\t\t\t\t\t\t<\/div>\n\t\t\t\t\t\t<\/div>\n\t\t\t\t<\/div>\n\t\t\t\t<div class=\"elementor-element elementor-element-1368f0a elementor-widget-mobile__width-initial elementor-widget elementor-widget-text-editor\" data-id=\"1368f0a\" data-element_type=\"widget\" data-e-type=\"widget\" data-widget_type=\"text-editor.default\">\n\t\t\t\t<div class=\"elementor-widget-container\">\n\t\t\t\t\t\t\t\t\t<p style=\"text-align: center;\"><span style=\"color: #000000;\">Lass mich dir einen kurzen Einblick in meine Erfahrung mit dem tantrischen Ritual geben:<\/span><\/p><p style=\"text-align: center;\"><span style=\"color: #000000;\"> Wenn meine H\u00e4nde und mein K\u00f6rper beginnen, mit deinem zu verbinden, wirst du sp\u00fcren, wie eine Flamme von Feuer durch deinen K\u00f6rper zieht. <\/span><\/p><p style=\"text-align: center;\"><span style=\"color: #000000;\">Ich tauche in eine Welt der v\u00f6lligen Entspannung und leidenschaftlichen Hingabe w\u00e4hrend des gesamten Rituals ein.<\/span><\/p><p style=\"text-align: center;\"><span style=\"color: #000000;\"> W\u00e4hrend die Massage fortschreitet, werde ich dir alle Wellen vermitteln, die ich durch tantrische Techniken sp\u00fcre, und dich in die tiefsten Tiefen f\u00fchren. <\/span><\/p><p style=\"text-align: center;\"><span style=\"color: #000000;\">Ich werde dir eine Massage bieten, die von Erotik, Intensit\u00e4t und Sinnlichkeit gepr\u00e4gt ist und die Temperatur bis zum intensivsten Orgasmus steigert.<\/span><\/p><p style=\"text-align: center;\"><span style=\"color: #000000;\">\u00a0<\/span><\/p>\t\t\t\t\t\t\t\t<\/div>\n\t\t\t\t<\/div>\n\t\t\t\t<div class=\"elementor-element elementor-element-aa774ae elementor-widget elementor-widget-heading\" data-id=\"aa774ae\" data-element_type=\"widget\" data-e-type=\"widget\" data-settings=\"{&quot;_animation&quot;:&quot;none&quot;}\" data-widget_type=\"heading.default\">\n\t\t\t\t<div class=\"elementor-widget-container\">\n\t\t\t\t\t<h2 class=\"elementor-heading-title elementor-size-default\">Richtlinien f\u00fcr ein angenehmes erlebnis<br>\n<br>\n\n\n\n\n\n\n<\/h2>\t\t\t\t<\/div>\n\t\t\t\t<\/div>\n\t\t\t\t<div class=\"elementor-element elementor-element-0e6a442 elementor-widget-mobile__width-initial elementor-widget elementor-widget-text-editor\" data-id=\"0e6a442\" data-element_type=\"widget\" data-e-type=\"widget\" data-widget_type=\"text-editor.default\">\n\t\t\t\t<div class=\"elementor-widget-container\">\n\t\t\t\t\t\t\t\t\t<p><span style=\"color: #000000;\">Ich hei\u00dfe dich willkommen, wenn du eine respektvolle, h\u00f6fliche Person mit guten Absichten bist, die bereit ist, sich vollst\u00e4ndig zu entspannen und sich diesem wunderbaren Ritual hinzugeben, um jeden Moment zu genie\u00dfen.<\/span><\/p><p><span style=\"color: #000000;\">Vergiss den Stress, die Arbeit und die Sorgen des Au\u00dfenlebens und g\u00f6nn dir eine Auszeit. <\/span><\/p><p><span style=\"color: #000000;\">Vertraue mir, es wird sich lohnen, und das Wichtigste ist, dass du es dir verdient hast.<\/span><\/p>\t\t\t\t\t\t\t\t<\/div>\n\t\t\t\t<\/div>\n\t\t\t\t\t<\/div>\n\t\t\t\t<\/div>\n\t\t\t\t<\/div>\n\t\t","protected":false},"excerpt":{"rendered":"<p>Willkommen bei der essenz meines seins Als ich das Tantra entdeckte, erlebte ich eine tiefgreifende Ver\u00e4nderung in vielen Aspekten meines Lebens. Jetzt m\u00f6chte ich diese Erfahrung mit dir teilen, damit auch du von ihren Vorteilen profitieren kannst. Ich habe verstanden, dass Energie die Magie unseres K\u00f6rpers ist; mit ihr k\u00f6nnen wir alles verbinden. So entdeckte [&hellip;]<\/p>\n","protected":false},"author":1,"featured_media":0,"parent":0,"menu_order":0,"comment_status":"closed","ping_status":"closed","template":"","meta":{"_glsr_average":0,"_glsr_ranking":0,"_glsr_reviews":0,"footnotes":""},"class_list":["post-2904","page","type-page","status-publish","hentry"],"blocksy_meta":[],"yoast_head":"<!-- This site is optimized with the Yoast SEO plugin v27.4 - https:\/\/yoast.com\/product\/yoast-seo-wordpress\/ -->\n<title>\u00dcber mich - Private Tantra<\/title>\n<meta name=\"robots\" content=\"noindex, follow\" \/>\n<meta property=\"og:locale\" content=\"de_DE\" \/>\n<meta property=\"og:type\" content=\"article\" \/>\n<meta property=\"og:title\" content=\"\u00dcber mich - Private Tantra\" \/>\n<meta property=\"og:description\" content=\"Willkommen bei der essenz meines seins Als ich das Tantra entdeckte, erlebte ich eine tiefgreifende Ver\u00e4nderung in vielen Aspekten meines Lebens. Jetzt m\u00f6chte ich diese Erfahrung mit dir teilen, damit auch du von ihren Vorteilen profitieren kannst. Ich habe verstanden, dass Energie die Magie unseres K\u00f6rpers ist; mit ihr k\u00f6nnen wir alles verbinden. So entdeckte [&hellip;]\" \/>\n<meta property=\"og:url\" content=\"https:\/\/privatetantra.ch\/de\/uber-mich\/\" \/>\n<meta property=\"og:site_name\" content=\"Private Tantra\" \/>\n<meta property=\"article:modified_time\" content=\"2025-03-30T19:12:31+00:00\" \/>\n<meta property=\"og:image\" content=\"https:\/\/privatetantra.ch\/wp-content\/uploads\/2025\/03\/IMG-20241001-WA0085-150x150.jpeg\" \/>\n<meta name=\"twitter:card\" content=\"summary_large_image\" \/>\n<meta name=\"twitter:label1\" content=\"Gesch\u00e4tzte Lesezeit\" \/>\n\t<meta name=\"twitter:data1\" content=\"4\u00a0Minuten\" \/>\n<script type=\"application\/ld+json\" class=\"yoast-schema-graph\">{\"@context\":\"https:\\\/\\\/schema.org\",\"@graph\":[{\"@type\":\"WebPage\",\"@id\":\"https:\\\/\\\/privatetantra.ch\\\/uber-mich\\\/\",\"url\":\"https:\\\/\\\/privatetantra.ch\\\/uber-mich\\\/\",\"name\":\"\u00dcber mich - Private Tantra\",\"isPartOf\":{\"@id\":\"https:\\\/\\\/privatetantra.ch\\\/#website\"},\"primaryImageOfPage\":{\"@id\":\"https:\\\/\\\/privatetantra.ch\\\/uber-mich\\\/#primaryimage\"},\"image\":{\"@id\":\"https:\\\/\\\/privatetantra.ch\\\/uber-mich\\\/#primaryimage\"},\"thumbnailUrl\":\"https:\\\/\\\/privatetantra.ch\\\/wp-content\\\/uploads\\\/2025\\\/03\\\/IMG-20241001-WA0085-150x150.jpeg\",\"datePublished\":\"2024-07-28T23:22:24+00:00\",\"dateModified\":\"2025-03-30T19:12:31+00:00\",\"breadcrumb\":{\"@id\":\"https:\\\/\\\/privatetantra.ch\\\/uber-mich\\\/#breadcrumb\"},\"inLanguage\":\"de\",\"potentialAction\":[{\"@type\":\"ReadAction\",\"target\":[\"https:\\\/\\\/privatetantra.ch\\\/uber-mich\\\/\"]}]},{\"@type\":\"ImageObject\",\"inLanguage\":\"de\",\"@id\":\"https:\\\/\\\/privatetantra.ch\\\/uber-mich\\\/#primaryimage\",\"url\":\"https:\\\/\\\/privatetantra.ch\\\/wp-content\\\/uploads\\\/2025\\\/03\\\/IMG-20241001-WA0085-150x150.jpeg\",\"contentUrl\":\"https:\\\/\\\/privatetantra.ch\\\/wp-content\\\/uploads\\\/2025\\\/03\\\/IMG-20241001-WA0085-150x150.jpeg\"},{\"@type\":\"BreadcrumbList\",\"@id\":\"https:\\\/\\\/privatetantra.ch\\\/uber-mich\\\/#breadcrumb\",\"itemListElement\":[{\"@type\":\"ListItem\",\"position\":1,\"name\":\"Portada\",\"item\":\"https:\\\/\\\/privatetantra.ch\\\/\"},{\"@type\":\"ListItem\",\"position\":2,\"name\":\"\u00dcber mich\"}]},{\"@type\":\"WebSite\",\"@id\":\"https:\\\/\\\/privatetantra.ch\\\/#website\",\"url\":\"https:\\\/\\\/privatetantra.ch\\\/\",\"name\":\"Private Tantra\",\"description\":\"Private Tantra Massage\",\"publisher\":{\"@id\":\"https:\\\/\\\/privatetantra.ch\\\/#\\\/schema\\\/person\\\/bff595ed630844110fb88bd378d9d7f0\"},\"potentialAction\":[{\"@type\":\"SearchAction\",\"target\":{\"@type\":\"EntryPoint\",\"urlTemplate\":\"https:\\\/\\\/privatetantra.ch\\\/?s={search_term_string}\"},\"query-input\":{\"@type\":\"PropertyValueSpecification\",\"valueRequired\":true,\"valueName\":\"search_term_string\"}}],\"inLanguage\":\"de\"},{\"@type\":[\"Person\",\"Organization\"],\"@id\":\"https:\\\/\\\/privatetantra.ch\\\/#\\\/schema\\\/person\\\/bff595ed630844110fb88bd378d9d7f0\",\"name\":\"Ainhoa\",\"image\":{\"@type\":\"ImageObject\",\"inLanguage\":\"de\",\"@id\":\"https:\\\/\\\/privatetantra.ch\\\/wp-content\\\/uploads\\\/2024\\\/08\\\/Sin_titulo-removebg-preview-e1723664497786.png\",\"url\":\"https:\\\/\\\/privatetantra.ch\\\/wp-content\\\/uploads\\\/2024\\\/08\\\/Sin_titulo-removebg-preview-e1723664497786.png\",\"contentUrl\":\"https:\\\/\\\/privatetantra.ch\\\/wp-content\\\/uploads\\\/2024\\\/08\\\/Sin_titulo-removebg-preview-e1723664497786.png\",\"width\":711,\"height\":206,\"caption\":\"Ainhoa\"},\"logo\":{\"@id\":\"https:\\\/\\\/privatetantra.ch\\\/wp-content\\\/uploads\\\/2024\\\/08\\\/Sin_titulo-removebg-preview-e1723664497786.png\"},\"sameAs\":[\"https:\\\/\\\/privatetantra.ch\"]}]}<\/script>\n<!-- \/ Yoast SEO plugin. -->","yoast_head_json":{"title":"\u00dcber mich - Private Tantra","robots":{"index":"noindex","follow":"follow"},"og_locale":"de_DE","og_type":"article","og_title":"\u00dcber mich - Private Tantra","og_description":"Willkommen bei der essenz meines seins Als ich das Tantra entdeckte, erlebte ich eine tiefgreifende Ver\u00e4nderung in vielen Aspekten meines Lebens. Jetzt m\u00f6chte ich diese Erfahrung mit dir teilen, damit auch du von ihren Vorteilen profitieren kannst. Ich habe verstanden, dass Energie die Magie unseres K\u00f6rpers ist; mit ihr k\u00f6nnen wir alles verbinden. So entdeckte [&hellip;]","og_url":"https:\/\/privatetantra.ch\/de\/uber-mich\/","og_site_name":"Private Tantra","article_modified_time":"2025-03-30T19:12:31+00:00","og_image":[{"url":"https:\/\/privatetantra.ch\/wp-content\/uploads\/2025\/03\/IMG-20241001-WA0085-150x150.jpeg","type":"","width":"","height":""}],"twitter_card":"summary_large_image","twitter_misc":{"Gesch\u00e4tzte Lesezeit":"4\u00a0Minuten"},"schema":{"@context":"https:\/\/schema.org","@graph":[{"@type":"WebPage","@id":"https:\/\/privatetantra.ch\/uber-mich\/","url":"https:\/\/privatetantra.ch\/uber-mich\/","name":"\u00dcber mich - Private Tantra","isPartOf":{"@id":"https:\/\/privatetantra.ch\/#website"},"primaryImageOfPage":{"@id":"https:\/\/privatetantra.ch\/uber-mich\/#primaryimage"},"image":{"@id":"https:\/\/privatetantra.ch\/uber-mich\/#primaryimage"},"thumbnailUrl":"https:\/\/privatetantra.ch\/wp-content\/uploads\/2025\/03\/IMG-20241001-WA0085-150x150.jpeg","datePublished":"2024-07-28T23:22:24+00:00","dateModified":"2025-03-30T19:12:31+00:00","breadcrumb":{"@id":"https:\/\/privatetantra.ch\/uber-mich\/#breadcrumb"},"inLanguage":"de","potentialAction":[{"@type":"ReadAction","target":["https:\/\/privatetantra.ch\/uber-mich\/"]}]},{"@type":"ImageObject","inLanguage":"de","@id":"https:\/\/privatetantra.ch\/uber-mich\/#primaryimage","url":"https:\/\/privatetantra.ch\/wp-content\/uploads\/2025\/03\/IMG-20241001-WA0085-150x150.jpeg","contentUrl":"https:\/\/privatetantra.ch\/wp-content\/uploads\/2025\/03\/IMG-20241001-WA0085-150x150.jpeg"},{"@type":"BreadcrumbList","@id":"https:\/\/privatetantra.ch\/uber-mich\/#breadcrumb","itemListElement":[{"@type":"ListItem","position":1,"name":"Portada","item":"https:\/\/privatetantra.ch\/"},{"@type":"ListItem","position":2,"name":"\u00dcber mich"}]},{"@type":"WebSite","@id":"https:\/\/privatetantra.ch\/#website","url":"https:\/\/privatetantra.ch\/","name":"Private Tantra","description":"Private Tantra Massage","publisher":{"@id":"https:\/\/privatetantra.ch\/#\/schema\/person\/bff595ed630844110fb88bd378d9d7f0"},"potentialAction":[{"@type":"SearchAction","target":{"@type":"EntryPoint","urlTemplate":"https:\/\/privatetantra.ch\/?s={search_term_string}"},"query-input":{"@type":"PropertyValueSpecification","valueRequired":true,"valueName":"search_term_string"}}],"inLanguage":"de"},{"@type":["Person","Organization"],"@id":"https:\/\/privatetantra.ch\/#\/schema\/person\/bff595ed630844110fb88bd378d9d7f0","name":"Ainhoa","image":{"@type":"ImageObject","inLanguage":"de","@id":"https:\/\/privatetantra.ch\/wp-content\/uploads\/2024\/08\/Sin_titulo-removebg-preview-e1723664497786.png","url":"https:\/\/privatetantra.ch\/wp-content\/uploads\/2024\/08\/Sin_titulo-removebg-preview-e1723664497786.png","contentUrl":"https:\/\/privatetantra.ch\/wp-content\/uploads\/2024\/08\/Sin_titulo-removebg-preview-e1723664497786.png","width":711,"height":206,"caption":"Ainhoa"},"logo":{"@id":"https:\/\/privatetantra.ch\/wp-content\/uploads\/2024\/08\/Sin_titulo-removebg-preview-e1723664497786.png"},"sameAs":["https:\/\/privatetantra.ch"]}]}},"_links":{"self":[{"href":"https:\/\/privatetantra.ch\/de\/wp-json\/wp\/v2\/pages\/2904","targetHints":{"allow":["GET"]}}],"collection":[{"href":"https:\/\/privatetantra.ch\/de\/wp-json\/wp\/v2\/pages"}],"about":[{"href":"https:\/\/privatetantra.ch\/de\/wp-json\/wp\/v2\/types\/page"}],"author":[{"embeddable":true,"href":"https:\/\/privatetantra.ch\/de\/wp-json\/wp\/v2\/users\/1"}],"replies":[{"embeddable":true,"href":"https:\/\/privatetantra.ch\/de\/wp-json\/wp\/v2\/comments?post=2904"}],"version-history":[{"count":44,"href":"https:\/\/privatetantra.ch\/de\/wp-json\/wp\/v2\/pages\/2904\/revisions"}],"predecessor-version":[{"id":4425,"href":"https:\/\/privatetantra.ch\/de\/wp-json\/wp\/v2\/pages\/2904\/revisions\/4425"}],"wp:attachment":[{"href":"https:\/\/privatetantra.ch\/de\/wp-json\/wp\/v2\/media?parent=2904"}],"curies":[{"name":"wp","href":"https:\/\/api.w.org\/{rel}","templated":true}]}}