{"id":2893,"date":"2024-07-29T01:11:24","date_gmt":"2024-07-28T23:11:24","guid":{"rendered":"https:\/\/privatetantra.ch\/?page_id=2893"},"modified":"2026-04-01T17:11:12","modified_gmt":"2026-04-01T15:11:12","slug":"kontakt","status":"publish","type":"page","link":"https:\/\/privatetantra.ch\/de\/kontakt\/","title":{"rendered":"Kontakt"},"content":{"rendered":"\t\t<div data-elementor-type=\"wp-page\" data-elementor-id=\"2893\" class=\"elementor elementor-2893\">\n\t\t\t\t<div class=\"elementor-element elementor-element-f4e4719 e-flex e-con-boxed e-con e-child\" data-id=\"f4e4719\" data-element_type=\"container\" data-e-type=\"container\" data-settings=\"{&quot;background_background&quot;:&quot;classic&quot;}\">\n\t\t\t\t\t<div class=\"e-con-inner\">\n\t\t<div class=\"elementor-element elementor-element-30d85f2 e-con-full e-flex e-con e-child\" data-id=\"30d85f2\" data-element_type=\"container\" data-e-type=\"container\">\n\t\t\t\t<div class=\"elementor-element elementor-element-eacd385 elementor-widget elementor-widget-heading\" data-id=\"eacd385\" data-element_type=\"widget\" data-e-type=\"widget\" data-settings=\"{&quot;_animation&quot;:&quot;none&quot;}\" data-widget_type=\"heading.default\">\n\t\t\t\t<div class=\"elementor-widget-container\">\n\t\t\t\t\t<h2 class=\"elementor-heading-title elementor-size-default\">Buchungsbedingungen<br>\n\n\n\n\n\n\n<\/h2>\t\t\t\t<\/div>\n\t\t\t\t<\/div>\n\t\t\t\t<\/div>\n\t\t<div class=\"elementor-element elementor-element-56119d1 e-con-full e-flex e-con e-child\" data-id=\"56119d1\" data-element_type=\"container\" data-e-type=\"container\">\n\t\t\t\t<div class=\"elementor-element elementor-element-dcb65bb elementor-widget-mobile__width-initial elementor-widget elementor-widget-text-editor\" data-id=\"dcb65bb\" data-element_type=\"widget\" data-e-type=\"widget\" data-widget_type=\"text-editor.default\">\n\t\t\t\t<div class=\"elementor-widget-container\">\n\t\t\t\t\t\t\t\t\t<p><span style=\"color: #000000;\">F\u00fcr einen Termin k\u00f6nnen Sie buchen \u00fcber<\/span> <a href=\"https:\/\/wa.me\/41767769921\"><span style=\"color: #00ff00;\"><strong>WhatsApp<\/strong><\/span><\/a>\u00a0<\/p><p><span style=\"color: #000000;\">Vielen Dank f\u00fcr Ihr Verst\u00e4ndnis.<\/span><\/p>\t\t\t\t\t\t\t\t<\/div>\n\t\t\t\t<\/div>\n\t\t\t\t<\/div>\n\t\t\t\t<div class=\"elementor-element elementor-element-fb528af elementor-widget-divider--separator-type-pattern elementor-widget-divider--no-spacing elementor-widget-divider--view-line elementor-widget elementor-widget-divider\" data-id=\"fb528af\" data-element_type=\"widget\" data-e-type=\"widget\" data-widget_type=\"divider.default\">\n\t\t\t\t<div class=\"elementor-widget-container\">\n\t\t\t\t\t\t\t<div class=\"elementor-divider\" style=\"--divider-pattern-url: url(&quot;data:image\/svg+xml,%3Csvg xmlns=&#039;http:\/\/www.w3.org\/2000\/svg&#039; preserveAspectRatio=&#039;xMidYMid meet&#039; overflow=&#039;visible&#039; height=&#039;100%&#039; viewBox=&#039;0 0 126 26&#039; fill=&#039;black&#039; stroke=&#039;none&#039;%3E%3Cpath d=&#039;M3,10.2c2.6,0,2.6,2,2.6,3.2S4.4,16.5,3,16.5s-3-1.4-3-3.2S0.4,10.2,3,10.2z M18.8,10.2c1.7,0,3.2,1.4,3.2,3.2s-1.4,3.2-3.2,3.2c-1.7,0-3.2-1.4-3.2-3.2S17,10.2,18.8,10.2z M34.6,10.2c1.5,0,2.6,1.4,2.6,3.2s-0.5,3.2-1.9,3.2c-1.5,0-3.4-1.4-3.4-3.2S33.1,10.2,34.6,10.2z M50.5,10.2c1.7,0,3.2,1.4,3.2,3.2s-1.4,3.2-3.2,3.2c-1.7,0-3.3-0.9-3.3-2.6S48.7,10.2,50.5,10.2z M66.2,10.2c1.5,0,3.4,1.4,3.4,3.2s-1.9,3.2-3.4,3.2c-1.5,0-2.6-0.4-2.6-2.1S64.8,10.2,66.2,10.2z M82.2,10.2c1.7,0.8,2.6,1.4,2.6,3.2s-0.1,3.2-1.6,3.2c-1.5,0-3.7-1.4-3.7-3.2S80.5,9.4,82.2,10.2zM98.6,10.2c1.5,0,2.6,0.4,2.6,2.1s-1.2,4.2-2.6,4.2c-1.5,0-3.7-0.4-3.7-2.1S97.1,10.2,98.6,10.2z M113.4,10.2c1.2,0,2.2,0.9,2.2,3.2s-0.1,3.2-1.3,3.2s-3.1-1.4-3.1-3.2S112.2,10.2,113.4,10.2z&#039;\/%3E%3C\/svg%3E&quot;);\">\n\t\t\t<span class=\"elementor-divider-separator\">\n\t\t\t\t\t\t<\/span>\n\t\t<\/div>\n\t\t\t\t\t\t<\/div>\n\t\t\t\t<\/div>\n\t\t<div class=\"elementor-element elementor-element-445a878 e-grid e-con-full e-con e-child\" data-id=\"445a878\" data-element_type=\"container\" data-e-type=\"container\">\n\t\t\t\t<div class=\"elementor-element elementor-element-17d4097 elementor-widget__width-initial elementor-view-stacked elementor-shape-circle elementor-position-block-start elementor-mobile-position-block-start elementor-widget elementor-widget-icon-box\" data-id=\"17d4097\" data-element_type=\"widget\" data-e-type=\"widget\" data-widget_type=\"icon-box.default\">\n\t\t\t\t<div class=\"elementor-widget-container\">\n\t\t\t\t\t\t\t<div class=\"elementor-icon-box-wrapper\">\n\n\t\t\t\t\t\t<div class=\"elementor-icon-box-icon\">\n\t\t\t\t<a href=\"https:\/\/wa.me\/41767769921\" class=\"elementor-icon\" tabindex=\"-1\">\n\t\t\t\t<svg aria-hidden=\"true\" class=\"e-font-icon-svg e-fab-whatsapp\" viewBox=\"0 0 448 512\" xmlns=\"http:\/\/www.w3.org\/2000\/svg\"><path d=\"M380.9 97.1C339 55.1 283.2 32 223.9 32c-122.4 0-222 99.6-222 222 0 39.1 10.2 77.3 29.6 111L0 480l117.7-30.9c32.4 17.7 68.9 27 106.1 27h.1c122.3 0 224.1-99.6 224.1-222 0-59.3-25.2-115-67.1-157zm-157 341.6c-33.2 0-65.7-8.9-94-25.7l-6.7-4-69.8 18.3L72 359.2l-4.4-7c-18.5-29.4-28.2-63.3-28.2-98.2 0-101.7 82.8-184.5 184.6-184.5 49.3 0 95.6 19.2 130.4 54.1 34.8 34.9 56.2 81.2 56.1 130.5 0 101.8-84.9 184.6-186.6 184.6zm101.2-138.2c-5.5-2.8-32.8-16.2-37.9-18-5.1-1.9-8.8-2.8-12.5 2.8-3.7 5.6-14.3 18-17.6 21.8-3.2 3.7-6.5 4.2-12 1.4-32.6-16.3-54-29.1-75.5-66-5.7-9.8 5.7-9.1 16.3-30.3 1.8-3.7.9-6.9-.5-9.7-1.4-2.8-12.5-30.1-17.1-41.2-4.5-10.8-9.1-9.3-12.5-9.5-3.2-.2-6.9-.2-10.6-.2-3.7 0-9.7 1.4-14.8 6.9-5.1 5.6-19.4 19-19.4 46.3 0 27.3 19.9 53.7 22.6 57.4 2.8 3.7 39.1 59.7 94.8 83.8 35.2 15.2 49 16.5 66.6 13.9 10.7-1.6 32.8-13.4 37.4-26.4 4.6-13 4.6-24.1 3.2-26.4-1.3-2.5-5-3.9-10.5-6.6z\"><\/path><\/svg>\t\t\t\t<\/a>\n\t\t\t<\/div>\n\t\t\t\n\t\t\t\t\t\t<div class=\"elementor-icon-box-content\">\n\n\t\t\t\t\n\t\t\t\t\t\t\t\t\t<p class=\"elementor-icon-box-description\">\n\t\t\t\t\t\t+41-767769921\t\t\t\t\t<\/p>\n\t\t\t\t\n\t\t\t<\/div>\n\t\t\t\n\t\t<\/div>\n\t\t\t\t\t\t<\/div>\n\t\t\t\t<\/div>\n\t\t\t\t<div class=\"elementor-element elementor-element-d7b1f59 elementor-widget__width-initial elementor-view-default elementor-position-block-start elementor-mobile-position-block-start elementor-widget elementor-widget-icon-box\" data-id=\"d7b1f59\" data-element_type=\"widget\" data-e-type=\"widget\" data-widget_type=\"icon-box.default\">\n\t\t\t\t<div class=\"elementor-widget-container\">\n\t\t\t\t\t\t\t<div class=\"elementor-icon-box-wrapper\">\n\n\t\t\t\t\t\t<div class=\"elementor-icon-box-icon\">\n\t\t\t\t<span  class=\"elementor-icon\">\n\t\t\t\t<svg aria-hidden=\"true\" class=\"e-font-icon-svg e-far-calendar-plus\" viewBox=\"0 0 448 512\" xmlns=\"http:\/\/www.w3.org\/2000\/svg\"><path d=\"M336 292v24c0 6.6-5.4 12-12 12h-76v76c0 6.6-5.4 12-12 12h-24c-6.6 0-12-5.4-12-12v-76h-76c-6.6 0-12-5.4-12-12v-24c0-6.6 5.4-12 12-12h76v-76c0-6.6 5.4-12 12-12h24c6.6 0 12 5.4 12 12v76h76c6.6 0 12 5.4 12 12zm112-180v352c0 26.5-21.5 48-48 48H48c-26.5 0-48-21.5-48-48V112c0-26.5 21.5-48 48-48h48V12c0-6.6 5.4-12 12-12h40c6.6 0 12 5.4 12 12v52h128V12c0-6.6 5.4-12 12-12h40c6.6 0 12 5.4 12 12v52h48c26.5 0 48 21.5 48 48zm-48 346V160H48v298c0 3.3 2.7 6 6 6h340c3.3 0 6-2.7 6-6z\"><\/path><\/svg>\t\t\t\t<\/span>\n\t\t\t<\/div>\n\t\t\t\n\t\t\t\t\t\t<div class=\"elementor-icon-box-content\">\n\n\t\t\t\t\t\t\t\t\t<p class=\"elementor-icon-box-title\">\n\t\t\t\t\t\t<span  >\n\t\t\t\t\t\t\tDerzeit in  Baar\t\t\t\t\t\t<\/span>\n\t\t\t\t\t<\/p>\n\t\t\t\t\n\t\t\t\t\t\t\t\t\t<p class=\"elementor-icon-box-description\">\n\t\t\t\t\t\t 10 a.m To 8 p.m\t\t\t\t\t<\/p>\n\t\t\t\t\n\t\t\t<\/div>\n\t\t\t\n\t\t<\/div>\n\t\t\t\t\t\t<\/div>\n\t\t\t\t<\/div>\n\t\t\t\t<\/div>\n\t\t\t\t<div class=\"elementor-element elementor-element-5b563fd elementor-widget elementor-widget-google_maps\" data-id=\"5b563fd\" data-element_type=\"widget\" data-e-type=\"widget\" data-widget_type=\"google_maps.default\">\n\t\t\t\t<div class=\"elementor-widget-container\">\n\t\t\t\t\t\t\t<div class=\"elementor-custom-embed\">\n\t\t\t<iframe loading=\"lazy\"\n\t\t\t\t\tsrc=\"https:\/\/maps.google.com\/maps?q=Baar%20bahnof&#038;t=m&#038;z=17&#038;output=embed&#038;iwloc=near\"\n\t\t\t\t\ttitle=\"Baar bahnof\"\n\t\t\t\t\taria-label=\"Baar bahnof\"\n\t\t\t><\/iframe>\n\t\t<\/div>\n\t\t\t\t\t\t<\/div>\n\t\t\t\t<\/div>\n\t\t\t\t\t<\/div>\n\t\t\t\t<\/div>\n\t\t\t\t<\/div>\n\t\t","protected":false},"excerpt":{"rendered":"<p>Buchungsbedingungen F\u00fcr einen Termin k\u00f6nnen Sie buchen \u00fcber WhatsApp\u00a0 Vielen Dank f\u00fcr Ihr Verst\u00e4ndnis. +41-767769921 Derzeit in Baar 10 a.m To 8 p.m<\/p>\n","protected":false},"author":1,"featured_media":0,"parent":0,"menu_order":0,"comment_status":"closed","ping_status":"closed","template":"","meta":{"_glsr_average":0,"_glsr_ranking":0,"_glsr_reviews":0,"footnotes":""},"class_list":["post-2893","page","type-page","status-publish","hentry"],"blocksy_meta":[],"yoast_head":"<!-- This site is optimized with the Yoast SEO plugin v27.4 - https:\/\/yoast.com\/product\/yoast-seo-wordpress\/ -->\n<title>Kontakt - Private Tantra<\/title>\n<meta name=\"robots\" content=\"noindex, follow\" \/>\n<meta property=\"og:locale\" content=\"de_DE\" \/>\n<meta property=\"og:type\" content=\"article\" \/>\n<meta property=\"og:title\" content=\"Kontakt - Private Tantra\" \/>\n<meta property=\"og:description\" content=\"Buchungsbedingungen F\u00fcr einen Termin k\u00f6nnen Sie buchen \u00fcber WhatsApp\u00a0 Vielen Dank f\u00fcr Ihr Verst\u00e4ndnis. +41-767769921 Derzeit in Baar 10 a.m To 8 p.m\" \/>\n<meta property=\"og:url\" content=\"https:\/\/privatetantra.ch\/de\/kontakt\/\" \/>\n<meta property=\"og:site_name\" content=\"Private Tantra\" \/>\n<meta property=\"article:modified_time\" content=\"2026-04-01T15:11:12+00:00\" \/>\n<meta property=\"og:image\" content=\"https:\/\/privatetantra.ch\/wp-content\/uploads\/2024\/07\/cropped-56-removebg-preview-e1722012128765.png\" \/>\n\t<meta property=\"og:image:width\" content=\"368\" \/>\n\t<meta property=\"og:image:height\" content=\"397\" \/>\n\t<meta property=\"og:image:type\" content=\"image\/png\" \/>\n<meta name=\"twitter:card\" content=\"summary_large_image\" \/>\n<meta name=\"twitter:label1\" content=\"Gesch\u00e4tzte Lesezeit\" \/>\n\t<meta name=\"twitter:data1\" content=\"1\u00a0Minute\" \/>\n<script type=\"application\/ld+json\" class=\"yoast-schema-graph\">{\"@context\":\"https:\\\/\\\/schema.org\",\"@graph\":[{\"@type\":\"WebPage\",\"@id\":\"https:\\\/\\\/privatetantra.ch\\\/kontakt\\\/\",\"url\":\"https:\\\/\\\/privatetantra.ch\\\/kontakt\\\/\",\"name\":\"Kontakt - Private Tantra\",\"isPartOf\":{\"@id\":\"https:\\\/\\\/privatetantra.ch\\\/#website\"},\"datePublished\":\"2024-07-28T23:11:24+00:00\",\"dateModified\":\"2026-04-01T15:11:12+00:00\",\"breadcrumb\":{\"@id\":\"https:\\\/\\\/privatetantra.ch\\\/kontakt\\\/#breadcrumb\"},\"inLanguage\":\"de\",\"potentialAction\":[{\"@type\":\"ReadAction\",\"target\":[\"https:\\\/\\\/privatetantra.ch\\\/kontakt\\\/\"]}]},{\"@type\":\"BreadcrumbList\",\"@id\":\"https:\\\/\\\/privatetantra.ch\\\/kontakt\\\/#breadcrumb\",\"itemListElement\":[{\"@type\":\"ListItem\",\"position\":1,\"name\":\"Portada\",\"item\":\"https:\\\/\\\/privatetantra.ch\\\/\"},{\"@type\":\"ListItem\",\"position\":2,\"name\":\"Kontakt\"}]},{\"@type\":\"WebSite\",\"@id\":\"https:\\\/\\\/privatetantra.ch\\\/#website\",\"url\":\"https:\\\/\\\/privatetantra.ch\\\/\",\"name\":\"Private Tantra\",\"description\":\"Private Tantra Massage\",\"publisher\":{\"@id\":\"https:\\\/\\\/privatetantra.ch\\\/#\\\/schema\\\/person\\\/bff595ed630844110fb88bd378d9d7f0\"},\"potentialAction\":[{\"@type\":\"SearchAction\",\"target\":{\"@type\":\"EntryPoint\",\"urlTemplate\":\"https:\\\/\\\/privatetantra.ch\\\/?s={search_term_string}\"},\"query-input\":{\"@type\":\"PropertyValueSpecification\",\"valueRequired\":true,\"valueName\":\"search_term_string\"}}],\"inLanguage\":\"de\"},{\"@type\":[\"Person\",\"Organization\"],\"@id\":\"https:\\\/\\\/privatetantra.ch\\\/#\\\/schema\\\/person\\\/bff595ed630844110fb88bd378d9d7f0\",\"name\":\"Ainhoa\",\"image\":{\"@type\":\"ImageObject\",\"inLanguage\":\"de\",\"@id\":\"https:\\\/\\\/privatetantra.ch\\\/wp-content\\\/uploads\\\/2024\\\/08\\\/Sin_titulo-removebg-preview-e1723664497786.png\",\"url\":\"https:\\\/\\\/privatetantra.ch\\\/wp-content\\\/uploads\\\/2024\\\/08\\\/Sin_titulo-removebg-preview-e1723664497786.png\",\"contentUrl\":\"https:\\\/\\\/privatetantra.ch\\\/wp-content\\\/uploads\\\/2024\\\/08\\\/Sin_titulo-removebg-preview-e1723664497786.png\",\"width\":711,\"height\":206,\"caption\":\"Ainhoa\"},\"logo\":{\"@id\":\"https:\\\/\\\/privatetantra.ch\\\/wp-content\\\/uploads\\\/2024\\\/08\\\/Sin_titulo-removebg-preview-e1723664497786.png\"},\"sameAs\":[\"https:\\\/\\\/privatetantra.ch\"]}]}<\/script>\n<!-- \/ Yoast SEO plugin. -->","yoast_head_json":{"title":"Kontakt - Private Tantra","robots":{"index":"noindex","follow":"follow"},"og_locale":"de_DE","og_type":"article","og_title":"Kontakt - Private Tantra","og_description":"Buchungsbedingungen F\u00fcr einen Termin k\u00f6nnen Sie buchen \u00fcber WhatsApp\u00a0 Vielen Dank f\u00fcr Ihr Verst\u00e4ndnis. +41-767769921 Derzeit in Baar 10 a.m To 8 p.m","og_url":"https:\/\/privatetantra.ch\/de\/kontakt\/","og_site_name":"Private Tantra","article_modified_time":"2026-04-01T15:11:12+00:00","og_image":[{"width":368,"height":397,"url":"https:\/\/privatetantra.ch\/wp-content\/uploads\/2024\/07\/cropped-56-removebg-preview-e1722012128765.png","type":"image\/png"}],"twitter_card":"summary_large_image","twitter_misc":{"Gesch\u00e4tzte Lesezeit":"1\u00a0Minute"},"schema":{"@context":"https:\/\/schema.org","@graph":[{"@type":"WebPage","@id":"https:\/\/privatetantra.ch\/kontakt\/","url":"https:\/\/privatetantra.ch\/kontakt\/","name":"Kontakt - Private Tantra","isPartOf":{"@id":"https:\/\/privatetantra.ch\/#website"},"datePublished":"2024-07-28T23:11:24+00:00","dateModified":"2026-04-01T15:11:12+00:00","breadcrumb":{"@id":"https:\/\/privatetantra.ch\/kontakt\/#breadcrumb"},"inLanguage":"de","potentialAction":[{"@type":"ReadAction","target":["https:\/\/privatetantra.ch\/kontakt\/"]}]},{"@type":"BreadcrumbList","@id":"https:\/\/privatetantra.ch\/kontakt\/#breadcrumb","itemListElement":[{"@type":"ListItem","position":1,"name":"Portada","item":"https:\/\/privatetantra.ch\/"},{"@type":"ListItem","position":2,"name":"Kontakt"}]},{"@type":"WebSite","@id":"https:\/\/privatetantra.ch\/#website","url":"https:\/\/privatetantra.ch\/","name":"Private Tantra","description":"Private Tantra Massage","publisher":{"@id":"https:\/\/privatetantra.ch\/#\/schema\/person\/bff595ed630844110fb88bd378d9d7f0"},"potentialAction":[{"@type":"SearchAction","target":{"@type":"EntryPoint","urlTemplate":"https:\/\/privatetantra.ch\/?s={search_term_string}"},"query-input":{"@type":"PropertyValueSpecification","valueRequired":true,"valueName":"search_term_string"}}],"inLanguage":"de"},{"@type":["Person","Organization"],"@id":"https:\/\/privatetantra.ch\/#\/schema\/person\/bff595ed630844110fb88bd378d9d7f0","name":"Ainhoa","image":{"@type":"ImageObject","inLanguage":"de","@id":"https:\/\/privatetantra.ch\/wp-content\/uploads\/2024\/08\/Sin_titulo-removebg-preview-e1723664497786.png","url":"https:\/\/privatetantra.ch\/wp-content\/uploads\/2024\/08\/Sin_titulo-removebg-preview-e1723664497786.png","contentUrl":"https:\/\/privatetantra.ch\/wp-content\/uploads\/2024\/08\/Sin_titulo-removebg-preview-e1723664497786.png","width":711,"height":206,"caption":"Ainhoa"},"logo":{"@id":"https:\/\/privatetantra.ch\/wp-content\/uploads\/2024\/08\/Sin_titulo-removebg-preview-e1723664497786.png"},"sameAs":["https:\/\/privatetantra.ch"]}]}},"_links":{"self":[{"href":"https:\/\/privatetantra.ch\/de\/wp-json\/wp\/v2\/pages\/2893","targetHints":{"allow":["GET"]}}],"collection":[{"href":"https:\/\/privatetantra.ch\/de\/wp-json\/wp\/v2\/pages"}],"about":[{"href":"https:\/\/privatetantra.ch\/de\/wp-json\/wp\/v2\/types\/page"}],"author":[{"embeddable":true,"href":"https:\/\/privatetantra.ch\/de\/wp-json\/wp\/v2\/users\/1"}],"replies":[{"embeddable":true,"href":"https:\/\/privatetantra.ch\/de\/wp-json\/wp\/v2\/comments?post=2893"}],"version-history":[{"count":295,"href":"https:\/\/privatetantra.ch\/de\/wp-json\/wp\/v2\/pages\/2893\/revisions"}],"predecessor-version":[{"id":4822,"href":"https:\/\/privatetantra.ch\/de\/wp-json\/wp\/v2\/pages\/2893\/revisions\/4822"}],"wp:attachment":[{"href":"https:\/\/privatetantra.ch\/de\/wp-json\/wp\/v2\/media?parent=2893"}],"curies":[{"name":"wp","href":"https:\/\/api.w.org\/{rel}","templated":true}]}}